{"id":11935,"date":"2021-12-14T19:16:41","date_gmt":"2021-12-14T18:16:41","guid":{"rendered":"https:\/\/www.noordtec.de\/about-us\/"},"modified":"2024-03-04T17:23:16","modified_gmt":"2024-03-04T16:23:16","slug":"about-us","status":"publish","type":"page","link":"https:\/\/www.noordtec.de\/en\/about-us\/","title":{"rendered":"About us"},"content":{"rendered":"\t\t<div data-elementor-type=\"wp-page\" data-elementor-id=\"11935\" class=\"elementor elementor-11935 elementor-5468\">\n\t\t\t\t\t\t\t\t\t<div class=\"elementor-section elementor-top-section elementor-element elementor-element-258d8c02 elementor-section-stretched elementor-section-full_width elementor-section-height-default elementor-section-height-default\" data-id=\"258d8c02\" data-element_type=\"section\" data-settings=\"{&quot;stretch_section&quot;:&quot;section-stretched&quot;}\">\n\t\t\t\t\t\t<div class=\"elementor-container elementor-column-gap-no\">\n\t\t\t\t\t<div class=\"elementor-column elementor-col-100 elementor-top-column elementor-element elementor-element-3ace0603\" data-id=\"3ace0603\" data-element_type=\"column\">\n\t\t\t<div class=\"elementor-widget-wrap elementor-element-populated\">\n\t\t\t\t\t\t\t\t<div class=\"elementor-element elementor-element-2483694e elementor-widget elementor-widget-r-energy-page-hero-section\" data-id=\"2483694e\" data-element_type=\"widget\" data-widget_type=\"r-energy-page-hero-section.default\">\n\t\t\t\t<div class=\"elementor-widget-container\">\n\t\t\t<div class=\"promo-primary\"><div class=\"overlay\"><\/div><picture><source srcset=\"https:\/\/www.noordtec.de\/wp-content\/uploads\/2021\/12\/Header_Startseite-scaled.jpg\" media=\"(min-width: 992px)\"\/><img decoding=\"async\" class=\"img-bg\" src=\"https:\/\/www.noordtec.de\/wp-content\/uploads\/2021\/12\/Header_Startseite-scaled.jpg\" alt=\"Header_Startseite-scaled.jpg\"\/><\/picture><div class=\"container\"><div class=\"row\"><div class=\"col-12\"><div class=\"align-container\"><div class=\"align-item\"><span class=\"site__name\">We are Noordtec<\/span><h1 class=\"title\">About us<\/h1><\/div><\/div><\/div><\/div><\/div><\/div>\t\t<\/div>\n\t\t\t\t<\/div>\n\t\t\t\t\t<\/div>\n\t\t<\/div>\n\t\t\t\t\t\t\t<\/div>\n\t\t<\/div>\n\t\t\t\t<section class=\"elementor-section elementor-top-section elementor-element elementor-element-bd520d5 elementor-section-boxed elementor-section-height-default elementor-section-height-default\" data-id=\"bd520d5\" data-element_type=\"section\">\n\t\t\t\t\t\t<div class=\"elementor-container elementor-column-gap-default\">\n\t\t\t\t\t<div class=\"elementor-column elementor-col-100 elementor-top-column elementor-element elementor-element-b68d51d\" data-id=\"b68d51d\" data-element_type=\"column\">\n\t\t\t<div class=\"elementor-widget-wrap elementor-element-populated\">\n\t\t\t\t\t\t\t\t<div class=\"elementor-element elementor-element-20605e5 elementor-widget elementor-widget-spacer\" data-id=\"20605e5\" data-element_type=\"widget\" data-widget_type=\"spacer.default\">\n\t\t\t\t<div class=\"elementor-widget-container\">\n\t\t\t\t\t<div class=\"elementor-spacer\">\n\t\t\t<div class=\"elementor-spacer-inner\"><\/div>\n\t\t<\/div>\n\t\t\t\t<\/div>\n\t\t\t\t<\/div>\n\t\t\t\t\t<\/div>\n\t\t<\/div>\n\t\t\t\t\t\t\t<\/div>\n\t\t<\/section>\n\t\t\t\t<div class=\"elementor-section elementor-top-section elementor-element elementor-element-37c340e elementor-section-stretched elementor-section-full_width nt-section section no-padding-top elementor-section-height-default elementor-section-height-default elementor-invisible\" data-id=\"37c340e\" data-element_type=\"section\" data-settings=\"{&quot;stretch_section&quot;:&quot;section-stretched&quot;,&quot;animation&quot;:&quot;fadeInUp&quot;}\">\n\t\t\t\t\t\t<div class=\"elementor-container elementor-column-gap-no\">\n\t\t\t\t\t<div class=\"elementor-column elementor-col-100 elementor-top-column elementor-element elementor-element-157c62a\" data-id=\"157c62a\" data-element_type=\"column\">\n\t\t\t<div class=\"elementor-widget-wrap elementor-element-populated\">\n\t\t\t\t\t\t\t\t<div class=\"elementor-element elementor-element-38a1303 elementor-widget elementor-widget-r-energy-about-us-one-section\" data-id=\"38a1303\" data-element_type=\"widget\" data-widget_type=\"r-energy-about-us-one-section.default\">\n\t\t\t\t<div class=\"elementor-widget-container\">\n\t\t\t<div class=\"section about no-padding-top no-padding-bottom\"><div class=\"bg-holder\"><div class=\"text-holder\"><span>Noordtec<\/span><\/div><div class=\"img-holder jarallax\"><div class=\"overlay\"><\/div><picture><source srcset=\"https:\/\/www.noordtec.de\/wp-content\/uploads\/2022\/05\/noordtec-hauptsitz-carl-benz-strasse-westerstede-scaled.jpg\" media=\"(min-width: 992px)\"\/><img decoding=\"async\" class=\"img-bg jarallax-img\" src=\"https:\/\/www.noordtec.de\/wp-content\/uploads\/2022\/05\/noordtec-hauptsitz-carl-benz-strasse-westerstede-scaled.jpg\" alt=\"noordtec-hauptsitz-carl-benz-strasse-westerstede-scaled.jpg\"\/><\/picture><\/div><\/div><div class=\"container\"><div class=\"row\"><div class=\"col-xl-7 offset-xl-5 col-lg-8 offset-lg-4 col-md-10 offset-md-2\"><div class=\"about-item\"><h2 class=\"title\">We are driven by the future!<\/h2><p>Noordtec GmbH & Co. KG is a company founded in 2017 and based in Westerstede near Oldenburg\/Oldb and D\u00fclmen in M\u00fcnsterland.<\/p>\n<p>We are offering products and services for alternative mobility, renewable energies and technical infrastructure. With currently around 100 experienced employees, we are looking forward to support you with your ideas and projects.<\/p>\n<p>Our range of services covers all aspects of a complete project cycle:<br \/>\nAnalysis and evaluation, conception and planning, approval and preliminary phase, implementation and realisation, documentation and handover, readiness and 24\/7 service.<\/p>\n<p>Full service from consulting to commissioning and beyond is our top priority! You can rely on us. <\/p>\n<p>Would you like to find out more? Just get in touch with us!<\/p>\n<a class=\"with--line\" href=\"https:\/\/www.noordtec.de\/kontakt\/\"><span>Go to contact form<\/span><\/a><\/div><\/div><\/div><\/div><\/div>\t\t<\/div>\n\t\t\t\t<\/div>\n\t\t\t\t\t<\/div>\n\t\t<\/div>\n\t\t\t\t\t\t\t<\/div>\n\t\t<\/div>\n\t\t\t\t<section class=\"elementor-section elementor-top-section elementor-element elementor-element-871ea4d elementor-section-full_width elementor-section-height-default elementor-section-height-default\" data-id=\"871ea4d\" data-element_type=\"section\">\n\t\t\t\t\t\t<div class=\"elementor-container elementor-column-gap-default\">\n\t\t\t\t\t<div class=\"elementor-column elementor-col-100 elementor-top-column elementor-element elementor-element-f27b6c7\" data-id=\"f27b6c7\" data-element_type=\"column\">\n\t\t\t<div class=\"elementor-widget-wrap elementor-element-populated\">\n\t\t\t\t\t\t\t\t<div class=\"elementor-element elementor-element-cca45c6 elementor-widget elementor-widget-r-energy-product-description-section\" data-id=\"cca45c6\" data-element_type=\"widget\" data-widget_type=\"r-energy-product-description-section.default\">\n\t\t\t\t<div class=\"elementor-widget-container\">\n\t\t\t<div class=\"description-item\"><div class=\"container\"><div class=\"row align-items-center\"><div class=\"col-lg-5 col-md-5\"><div class=\"description-item__img\"><img decoding=\"async\" src=\"https:\/\/www.noordtec.de\/wp-content\/uploads\/2022\/05\/17Nachhaltigkeitsziele-der-Vereinten-Nationen.png\" alt=\"17Nachhaltigkeitsziele-der-Vereinten-Nationen.png\"><\/div><\/div><div class=\"col-lg-6 offset-xl-1 col-md-7\"><div class=\"align-container\"><div class=\"align-item\"><div class=\"heading primary-heading\"><h5 class=\"subtitle\"><span>Sustainability is a <\/span> <span>joint endeavour<\/span><\/h5><\/div><p>The success of the Sustainable Development Goals essentially depends on everyone getting involved - not just states and organisations, but each and every individual. Everyone can contribute. The more people are involved, the more likely we are able to build an international partnership for sustainable development. Only together can we create a better, fairer and more sustainable world.<\/p><\/div><\/div><\/div><\/div><\/div><\/div>\t\t<\/div>\n\t\t\t\t<\/div>\n\t\t\t\t\t<\/div>\n\t\t<\/div>\n\t\t\t\t\t\t\t<\/div>\n\t\t<\/section>\n\t\t\t\t<section class=\"elementor-section elementor-top-section elementor-element elementor-element-b958c9e elementor-section-boxed elementor-section-height-default elementor-section-height-default\" data-id=\"b958c9e\" data-element_type=\"section\">\n\t\t\t\t\t\t<div class=\"elementor-container elementor-column-gap-default\">\n\t\t\t\t\t<div class=\"elementor-column elementor-col-50 elementor-top-column elementor-element elementor-element-7b766f8\" data-id=\"7b766f8\" data-element_type=\"column\">\n\t\t\t<div class=\"elementor-widget-wrap\">\n\t\t\t\t\t\t\t\t\t<\/div>\n\t\t<\/div>\n\t\t\t\t<div class=\"elementor-column elementor-col-50 elementor-top-column elementor-element elementor-element-a9549ed\" data-id=\"a9549ed\" data-element_type=\"column\">\n\t\t\t<div class=\"elementor-widget-wrap elementor-element-populated\">\n\t\t\t\t\t\t\t\t<div class=\"elementor-element elementor-element-bcd087d elementor-widget elementor-widget-r-energy-button\" data-id=\"bcd087d\" data-element_type=\"widget\" data-widget_type=\"r-energy-button.default\">\n\t\t\t\t<div class=\"elementor-widget-container\">\n\t\t\t<div class=\"r-energy-button\"><a class=\"with--line\" href=\"https:\/\/17ziele.de\/index.html\" target=\"_blank\" rel=\"noopener\"><span>Learn more about the 17 goals (external link)<\/span><\/a><\/div>\t\t<\/div>\n\t\t\t\t<\/div>\n\t\t\t\t\t<\/div>\n\t\t<\/div>\n\t\t\t\t\t\t\t<\/div>\n\t\t<\/section>\n\t\t\t\t<section class=\"elementor-section elementor-top-section elementor-element elementor-element-4f003b6 elementor-section-boxed elementor-section-height-default elementor-section-height-default\" data-id=\"4f003b6\" data-element_type=\"section\">\n\t\t\t\t\t\t<div class=\"elementor-container elementor-column-gap-default\">\n\t\t\t\t\t<div class=\"elementor-column elementor-col-100 elementor-top-column elementor-element elementor-element-c269242\" data-id=\"c269242\" data-element_type=\"column\">\n\t\t\t<div class=\"elementor-widget-wrap elementor-element-populated\">\n\t\t\t\t\t\t\t\t<div class=\"elementor-element elementor-element-af0ed7f elementor-widget elementor-widget-spacer\" data-id=\"af0ed7f\" data-element_type=\"widget\" data-widget_type=\"spacer.default\">\n\t\t\t\t<div class=\"elementor-widget-container\">\n\t\t\t\t\t<div class=\"elementor-spacer\">\n\t\t\t<div class=\"elementor-spacer-inner\"><\/div>\n\t\t<\/div>\n\t\t\t\t<\/div>\n\t\t\t\t<\/div>\n\t\t\t\t\t<\/div>\n\t\t<\/div>\n\t\t\t\t\t\t\t<\/div>\n\t\t<\/section>\n\t\t\t\t<section class=\"elementor-section elementor-top-section elementor-element elementor-element-64784ca elementor-section-boxed elementor-section-height-default elementor-section-height-default elementor-invisible\" data-id=\"64784ca\" data-element_type=\"section\" data-settings=\"{&quot;background_background&quot;:&quot;classic&quot;,&quot;animation&quot;:&quot;fadeIn&quot;}\">\n\t\t\t\t\t\t<div class=\"elementor-container elementor-column-gap-default\">\n\t\t\t\t\t<div class=\"elementor-column elementor-col-100 elementor-top-column elementor-element elementor-element-d4aca6f\" data-id=\"d4aca6f\" data-element_type=\"column\">\n\t\t\t<div class=\"elementor-widget-wrap elementor-element-populated\">\n\t\t\t\t\t\t\t\t<div class=\"elementor-element elementor-element-c4aa18e elementor-widget elementor-widget-r-energy-section-heading\" data-id=\"c4aa18e\" data-element_type=\"widget\" data-widget_type=\"r-energy-section-heading.default\">\n\t\t\t\t<div class=\"elementor-widget-container\">\n\t\t\t<div class=\"heading primary-heading\"><h3 class=\"title\">Quality from North West Germany<\/h3><h5 class=\"subtitle\"><span>Our<\/span> <span>locations<\/span> <\/h5><div class=\"desc\"><p>Our head office is currently located at Burgstra\u00dfe 69 in 26655 Westerstede - directly on Ammerlandallee. Other Noordtec locations are in Timmel (Gro\u00dfefehn), in D\u00fclmen (M\u00fcnsterland) and in Utrecht in the Netherlands.<\/p>\n<\/div><\/div>\t\t<\/div>\n\t\t\t\t<\/div>\n\t\t\t\t<div class=\"elementor-element elementor-element-2a2b8f2 elementor-widget elementor-widget-r-energy-button\" data-id=\"2a2b8f2\" data-element_type=\"widget\" data-widget_type=\"r-energy-button.default\">\n\t\t\t\t<div class=\"elementor-widget-container\">\n\t\t\t<div class=\"r-energy-button\"><a class=\"r-button r-button--filled r-button--primary\" data-hover=\"More abour our new building\" href=\"https:\/\/www.noordtec.de\/neubau\/\"><span>More abour our new building <\/span><\/a><\/div>\t\t<\/div>\n\t\t\t\t<\/div>\n\t\t\t\t\t<\/div>\n\t\t<\/div>\n\t\t\t\t\t\t\t<\/div>\n\t\t<\/section>\n\t\t\t\t<div class=\"elementor-section elementor-top-section elementor-element elementor-element-a16c29f elementor-section-full_width elementor-section-height-default elementor-section-height-default\" data-id=\"a16c29f\" data-element_type=\"section\">\n\t\t\t\t\t\t<div class=\"elementor-container elementor-column-gap-no\">\n\t\t\t\t\t<div class=\"elementor-column elementor-col-100 elementor-top-column elementor-element elementor-element-ddd7e5c\" data-id=\"ddd7e5c\" data-element_type=\"column\">\n\t\t\t<div class=\"elementor-widget-wrap elementor-element-populated\">\n\t\t\t\t\t\t\t\t<div class=\"elementor-element elementor-element-e463973 elementor-invisible elementor-widget elementor-widget-shortcode\" data-id=\"e463973\" data-element_type=\"widget\" data-settings=\"{&quot;_animation&quot;:&quot;fadeIn&quot;}\" data-widget_type=\"shortcode.default\">\n\t\t\t\t<div class=\"elementor-widget-container\">\n\t\t\t\t\t<div class=\"elementor-shortcode\">\r\n            \r\n            \r\n            \r\n            <a name='map4'><\/a>\r\n            \r\n            \r\n            \r\n            \r\n            <div class=\"wpgmza_map \"  id=\"wpgmza_map_4\" style=\"display:block; overflow:auto; width:100%; height:650px; float:left;\" data-settings='{\"id\":\"4\",\"map_title\":\"Noordtec Standorte\",\"map_width\":\"100\",\"map_height\":\"650\",\"map_start_lat\":\"52.72886313590533\",\"map_start_lng\":\"7.9736222281249995\",\"map_start_location\":\"45.950464398418106,-109.81550500000003\",\"map_start_zoom\":\"7\",\"default_marker\":\"\",\"type\":\"0\",\"alignment\":\"4\",\"directions_enabled\":\"0\",\"styling_enabled\":\"0\",\"styling_json\":\"\",\"active\":\"0\",\"kml\":\"\",\"bicycle\":\"0\",\"traffic\":\"0\",\"dbox\":\"5\",\"dbox_width\":\"\",\"listmarkers\":\"0\",\"listmarkers_advanced\":\"0\",\"filterbycat\":\"0\",\"ugm_enabled\":\"0\",\"ugm_category_enabled\":\"0\",\"fusion\":\"\",\"map_width_type\":\"%\",\"map_height_type\":\"px\",\"mass_marker_support\":\"0\",\"ugm_access\":\"0\",\"order_markers_by\":\"1\",\"order_markers_choice\":\"1\",\"show_user_location\":\"0\",\"default_to\":\"\",\"other_settings\":{\"map_type\":1,\"sl_stroke_color\":\"#000000\",\"sl_fill_color\":\"#000000\",\"sl_stroke_opacity\":\"\",\"sl_fill_opacity\":\"\",\"transport_layer\":false,\"action\":\"wpgmza_save_map\",\"redirect_to\":\"\\\/wp-admin\\\/admin-post.php\",\"map_id\":\"4\",\"http_referer\":\"\\\/wp-admin\\\/admin.php?page=wp-google-maps-menu&amp;amp;action=edit&amp;amp;map_id=1\",\"wpgmza_id\":\"1\",\"wpgmza_start_location\":\"52.72886313590533,7.9736222281249995\",\"wpgmza_start_zoom\":\"7\",\"store_locator_enabled\":false,\"store_locator_search_area\":\"radial\",\"wpgmza_store_locator_radius_style\":\"legacy\",\"wpgmza_store_locator_default_radius\":\"10\",\"store_locator_auto_area_max_zoom\":\"\",\"store_locator_distance\":false,\"wpgmza_store_locator_position\":false,\"store_locator_show_distance\":false,\"store_locator_category\":false,\"wpgmza_store_locator_use_their_location\":false,\"wpgmza_store_locator_bounce\":false,\"wpgmza_sl_animation\":\"0\",\"wpgmza_store_locator_hide_before_search\":false,\"store_locator_query_string\":\"\",\"store_locator_default_address\":\"\",\"store_locator_name_search\":false,\"store_locator_name_string\":\"\",\"store_locator_not_found_message\":\"\",\"wpgmza_map_align\":\"1\",\"jump_to_nearest_marker_on_initialization\":false,\"automatically_pan_to_users_location\":false,\"override_users_location_zoom_level\":false,\"override_users_location_zoom_levels\":\"\",\"show_distance_from_location\":false,\"map_max_zoom\":\"21\",\"map_min_zoom\":\"0\",\"click_open_link\":false,\"fit_maps_bounds_to_markers\":false,\"fit_maps_bounds_to_markers_after_filtering\":false,\"hide_point_of_interest\":false,\"wpgmza_zoom_on_marker_click\":false,\"wpgmza_zoom_on_marker_click_slider\":\"\",\"close_infowindow_on_map_click\":false,\"disable_lightbox_images\":false,\"use_Raw_Jpeg_Coordinates\":false,\"disable_polygon_info_windows\":false,\"enable_marker_ratings\":false,\"only_load_markers_within_viewport\":false,\"iw_primary_color\":\"#ffffff\",\"iw_accent_color\":\"#9912ca\",\"iw_text_color\":\"#f1ea1e\",\"wpgmza_listmarkers_by\":\"0\",\"wpgmza_marker_listing_position\":false,\"zoom_level_on_marker_listing_override\":false,\"zoom_level_on_marker_listing_click\":\"\",\"datatable_no_result_message\":\"\",\"remove_search_box_datables\":false,\"dataTable_pagination_style\":\"default\",\"datatable_search_string\":\"\",\"datatable_result_start\":\"\",\"datatable_result_of\":\"\",\"datatable_result_to\":\"\",\"datatable_result_total\":\"\",\"datatable_result_show\":\"\",\"datatable_result_entries\":\"\",\"wpgmza_savemap\":\"Karte speichern \\u00bb\",\"wpgmza_dbox_width_type\":\"%\",\"default_from\":\"\",\"directions_behaviour\":\"external\",\"force_google_directions_app\":false,\"directions_route_origin_icon\":\"https:\\\/\\\/www.dev.noordtec.de\\\/wp-content\\\/plugins\\\/wp-google-maps\\\/images\\\/spotlight-poi2.png\",\"directions_origin_retina\":false,\"directions_route_destination_icon\":\"https:\\\/\\\/www.dev.noordtec.de\\\/wp-content\\\/plugins\\\/wp-google-maps\\\/images\\\/spotlight-poi2.png\",\"directions_destination_retina\":false,\"directions_route_stroke_color\":\"#4f8df5\",\"directions_route_stroke_weight\":\"4\",\"directions_route_stroke_opacity\":\"0.8\",\"directions_fit_bounds_to_route\":false,\"wpgmza_store_locator_restrict\":\"\",\"upload_default_sl_marker\":\"\",\"upload_default_sl_marker_retina\":false,\"retina\":false,\"upload_default_ul_marker\":\"\",\"upload_default_ul_marker_retina\":false,\"enable_advanced_custom_fields_integration\":false,\"enable_toolset_woocommerce_integration\":false,\"wpgmza_iw_type\":\"-1\",\"shortcodeAttributes\":{\"id\":\"4\"},\"enable_filter_custom_field_1\":false}}' data-map-id='4' data-shortcode-attributes='{\"id\":\"4\"}'> <\/div>\r\n            \r\n               \r\n        <\/div>\n\t\t\t\t<\/div>\n\t\t\t\t<\/div>\n\t\t\t\t\t<\/div>\n\t\t<\/div>\n\t\t\t\t\t\t\t<\/div>\n\t\t<\/div>\n\t\t\t\t\t\t\t<\/div>\n\t\t","protected":false},"excerpt":{"rendered":"<p>We are Noordtec About us Noordtec We are driven by the future! Noordtec GmbH &#038; Co. KG is a company founded in 2017 and based in Westerstede near Oldenburg\/Oldb and D\u00fclmen in M\u00fcnsterland. We are offering products and services for alternative mobility, renewable energies and technical infrastructure. With currently around 100 experienced employees, we are&#8230;<\/p>\n","protected":false},"author":2,"featured_media":0,"parent":0,"menu_order":0,"comment_status":"closed","ping_status":"closed","template":"r-energy-elementor-page.php","meta":{"_acf_changed":false,"_uf_show_specific_survey":0,"_uf_disable_surveys":false,"footnotes":""},"class_list":{"0":"post-11935","1":"page","2":"type-page","3":"status-publish","4":"hentry","5":"nt-post-class","6":"","7":"masonry-item","8":"col-lg-4","10":"thumb-none","12":"excerpt-none"},"acf":[],"aioseo_notices":[],"_links":{"self":[{"href":"https:\/\/www.noordtec.de\/en\/wp-json\/wp\/v2\/pages\/11935","targetHints":{"allow":["GET"]}}],"collection":[{"href":"https:\/\/www.noordtec.de\/en\/wp-json\/wp\/v2\/pages"}],"about":[{"href":"https:\/\/www.noordtec.de\/en\/wp-json\/wp\/v2\/types\/page"}],"author":[{"embeddable":true,"href":"https:\/\/www.noordtec.de\/en\/wp-json\/wp\/v2\/users\/2"}],"replies":[{"embeddable":true,"href":"https:\/\/www.noordtec.de\/en\/wp-json\/wp\/v2\/comments?post=11935"}],"version-history":[{"count":4,"href":"https:\/\/www.noordtec.de\/en\/wp-json\/wp\/v2\/pages\/11935\/revisions"}],"predecessor-version":[{"id":12499,"href":"https:\/\/www.noordtec.de\/en\/wp-json\/wp\/v2\/pages\/11935\/revisions\/12499"}],"wp:attachment":[{"href":"https:\/\/www.noordtec.de\/en\/wp-json\/wp\/v2\/media?parent=11935"}],"curies":[{"name":"wp","href":"https:\/\/api.w.org\/{rel}","templated":true}]}}