{"id":13860,"date":"2025-07-18T10:46:16","date_gmt":"2025-07-18T08:46:16","guid":{"rendered":"https:\/\/www.noordtec.de\/?page_id=13860"},"modified":"2025-07-18T10:46:16","modified_gmt":"2025-07-18T08:46:16","slug":"h2-2","status":"publish","type":"page","link":"https:\/\/www.noordtec.de\/en\/h2-2\/","title":{"rendered":"H2"},"content":{"rendered":"\t\t<div data-elementor-type=\"wp-page\" data-elementor-id=\"13860\" class=\"elementor elementor-13860 elementor-13859\">\n\t\t\t\t\t\t\t\t\t<div class=\"elementor-section elementor-top-section elementor-element elementor-element-258d8c02 elementor-section-stretched elementor-section-full_width elementor-section-height-default elementor-section-height-default\" data-id=\"258d8c02\" data-element_type=\"section\" data-settings=\"{&quot;stretch_section&quot;:&quot;section-stretched&quot;}\">\n\t\t\t\t\t\t<div class=\"elementor-container elementor-column-gap-no\">\n\t\t\t\t\t<div class=\"elementor-column elementor-col-100 elementor-top-column elementor-element elementor-element-3ace0603\" data-id=\"3ace0603\" data-element_type=\"column\">\n\t\t\t<div class=\"elementor-widget-wrap elementor-element-populated\">\n\t\t\t\t\t\t\t\t<div class=\"elementor-element elementor-element-2483694e elementor-widget elementor-widget-r-energy-page-hero-section\" data-id=\"2483694e\" data-element_type=\"widget\" data-widget_type=\"r-energy-page-hero-section.default\">\n\t\t\t\t<div class=\"elementor-widget-container\">\n\t\t\t<div class=\"promo-primary\"><div class=\"overlay\"><\/div><picture><source srcset=\"https:\/\/www.noordtec.de\/wp-content\/uploads\/2022\/05\/Full-Page-H2-scaled.jpg\" media=\"(min-width: 992px)\"\/><img decoding=\"async\" class=\"img-bg\" src=\"https:\/\/www.noordtec.de\/wp-content\/uploads\/2022\/05\/Full-Page-H2-scaled.jpg\" alt=\"Full-Page-H2-scaled.jpg\"\/><\/picture><div class=\"container\"><div class=\"row\"><div class=\"col-12\"><div class=\"align-container\"><div class=\"align-item\"><span class=\"site__name\">Die Zukunft der Mobilit\u00e4t<\/span><h1 class=\"title\">Wasserstoff (H2)<\/h1><\/div><\/div><\/div><\/div><\/div><\/div>\t\t<\/div>\n\t\t\t\t<\/div>\n\t\t\t\t\t<\/div>\n\t\t<\/div>\n\t\t\t\t\t\t\t<\/div>\n\t\t<\/div>\n\t\t\t\t<section class=\"elementor-section elementor-top-section elementor-element elementor-element-0e86a33 elementor-section-boxed elementor-section-height-default elementor-section-height-default elementor-invisible\" data-id=\"0e86a33\" data-element_type=\"section\" data-settings=\"{&quot;animation&quot;:&quot;fadeInUp&quot;}\">\n\t\t\t\t\t\t<div class=\"elementor-container elementor-column-gap-default\">\n\t\t\t\t\t<div class=\"elementor-column elementor-col-100 elementor-top-column elementor-element elementor-element-733d131\" data-id=\"733d131\" data-element_type=\"column\">\n\t\t\t<div class=\"elementor-widget-wrap elementor-element-populated\">\n\t\t\t\t\t\t\t\t<div class=\"elementor-element elementor-element-91b8a3d elementor-widget elementor-widget-r-energy-section-heading\" data-id=\"91b8a3d\" data-element_type=\"widget\" data-widget_type=\"r-energy-section-heading.default\">\n\t\t\t\t<div class=\"elementor-widget-container\">\n\t\t\t<div class=\"heading primary-heading\"><h3 class=\"title\">Wasserstoff<\/h3><h5 class=\"subtitle\"><span>Energietr\u00e4ger mit<\/span> <span>Zukunftspotenzial<\/span><\/h5><div class=\"desc\"><p>Wasserstoff (H2) ist die ein wichtiges Element, wenn es um die Energieversorgung der Zukunft geht. Als leistungsstarker Energietr\u00e4ger und aufgrund seiner Vielseitigkeit erweist sich Wasserstoff als wichtiger Wegbereiter auf dem Weg zu kohlenstoffarmer und kohlenstofffreier Energie.<\/p>\n<p>Mit \u00fcber 15 Jahren Erfahrung in der Energiebranche und unserer fachlichen Expertise sind wir genau der richtige Partner f\u00fcr Ihre Wasserstoff Projekte. Lassen Sie uns ins Gespr\u00e4ch kommen.<br \/><\/p>\n<\/div><\/div>\t\t<\/div>\n\t\t\t\t<\/div>\n\t\t\t\t\t<\/div>\n\t\t<\/div>\n\t\t\t\t\t\t\t<\/div>\n\t\t<\/section>\n\t\t\t\t<section class=\"elementor-section elementor-top-section elementor-element elementor-element-08faf90 elementor-section-boxed elementor-section-height-default elementor-section-height-default elementor-invisible\" data-id=\"08faf90\" data-element_type=\"section\" data-settings=\"{&quot;animation&quot;:&quot;fadeIn&quot;}\">\n\t\t\t\t\t\t<div class=\"elementor-container elementor-column-gap-default\">\n\t\t\t\t\t<div class=\"elementor-column elementor-col-33 elementor-top-column elementor-element elementor-element-fa6673d\" data-id=\"fa6673d\" data-element_type=\"column\">\n\t\t\t<div class=\"elementor-widget-wrap elementor-element-populated\">\n\t\t\t\t\t\t\t\t<div class=\"elementor-element elementor-element-c36ba06 elementor-view-default elementor-mobile-position-top elementor-vertical-align-top elementor-widget elementor-widget-icon-box\" data-id=\"c36ba06\" data-element_type=\"widget\" data-widget_type=\"icon-box.default\">\n\t\t\t\t<div class=\"elementor-widget-container\">\n\t\t\t\t\t<div class=\"elementor-icon-box-wrapper\">\n\t\t\t\t\t\t<div class=\"elementor-icon-box-icon\">\n\t\t\t\t<span class=\"elementor-icon elementor-animation-\" >\n\t\t\t\t<i aria-hidden=\"true\" class=\"far fa-thumbs-up\"><\/i>\t\t\t\t<\/span>\n\t\t\t<\/div>\n\t\t\t\t\t\t<div class=\"elementor-icon-box-content\">\n\t\t\t\t<h3 class=\"elementor-icon-box-title\">\n\t\t\t\t\t<span  >\n\t\t\t\t\t\tExpertise and knowledge\t\t\t\t\t<\/span>\n\t\t\t\t<\/h3>\n\t\t\t\t\t\t\t<\/div>\n\t\t<\/div>\n\t\t\t\t<\/div>\n\t\t\t\t<\/div>\n\t\t\t\t\t<\/div>\n\t\t<\/div>\n\t\t\t\t<div class=\"elementor-column elementor-col-33 elementor-top-column elementor-element elementor-element-b4928f1\" data-id=\"b4928f1\" data-element_type=\"column\">\n\t\t\t<div class=\"elementor-widget-wrap elementor-element-populated\">\n\t\t\t\t\t\t\t\t<div class=\"elementor-element elementor-element-16ba7cc elementor-view-default elementor-mobile-position-top elementor-vertical-align-top elementor-widget elementor-widget-icon-box\" data-id=\"16ba7cc\" data-element_type=\"widget\" data-widget_type=\"icon-box.default\">\n\t\t\t\t<div class=\"elementor-widget-container\">\n\t\t\t\t\t<div class=\"elementor-icon-box-wrapper\">\n\t\t\t\t\t\t<div class=\"elementor-icon-box-icon\">\n\t\t\t\t<span class=\"elementor-icon elementor-animation-\" >\n\t\t\t\t<i aria-hidden=\"true\" class=\"fas fa-cogs\"><\/i>\t\t\t\t<\/span>\n\t\t\t<\/div>\n\t\t\t\t\t\t<div class=\"elementor-icon-box-content\">\n\t\t\t\t<h3 class=\"elementor-icon-box-title\">\n\t\t\t\t\t<span  >\n\t\t\t\t\t\tCustom solutions\t\t\t\t\t<\/span>\n\t\t\t\t<\/h3>\n\t\t\t\t\t\t\t<\/div>\n\t\t<\/div>\n\t\t\t\t<\/div>\n\t\t\t\t<\/div>\n\t\t\t\t\t<\/div>\n\t\t<\/div>\n\t\t\t\t<div class=\"elementor-column elementor-col-33 elementor-top-column elementor-element elementor-element-3800f73\" data-id=\"3800f73\" data-element_type=\"column\">\n\t\t\t<div class=\"elementor-widget-wrap elementor-element-populated\">\n\t\t\t\t\t\t\t\t<div class=\"elementor-element elementor-element-77c696b elementor-view-default elementor-mobile-position-top elementor-vertical-align-top elementor-widget elementor-widget-icon-box\" data-id=\"77c696b\" data-element_type=\"widget\" data-widget_type=\"icon-box.default\">\n\t\t\t\t<div class=\"elementor-widget-container\">\n\t\t\t\t\t<div class=\"elementor-icon-box-wrapper\">\n\t\t\t\t\t\t<div class=\"elementor-icon-box-icon\">\n\t\t\t\t<span class=\"elementor-icon elementor-animation-\" >\n\t\t\t\t<i aria-hidden=\"true\" class=\"fas fa-piggy-bank\"><\/i>\t\t\t\t<\/span>\n\t\t\t<\/div>\n\t\t\t\t\t\t<div class=\"elementor-icon-box-content\">\n\t\t\t\t<h3 class=\"elementor-icon-box-title\">\n\t\t\t\t\t<span  >\n\t\t\t\t\t\tCost effectiveness of the system\t\t\t\t\t<\/span>\n\t\t\t\t<\/h3>\n\t\t\t\t\t\t\t<\/div>\n\t\t<\/div>\n\t\t\t\t<\/div>\n\t\t\t\t<\/div>\n\t\t\t\t\t<\/div>\n\t\t<\/div>\n\t\t\t\t\t\t\t<\/div>\n\t\t<\/section>\n\t\t\t\t<section class=\"elementor-section elementor-top-section elementor-element elementor-element-56ec51c elementor-section-full_width elementor-section-height-default elementor-section-height-default elementor-invisible\" data-id=\"56ec51c\" data-element_type=\"section\" data-settings=\"{&quot;animation&quot;:&quot;zoomIn&quot;}\">\n\t\t\t\t\t\t<div class=\"elementor-container elementor-column-gap-default\">\n\t\t\t\t\t<div class=\"elementor-column elementor-col-100 elementor-top-column elementor-element elementor-element-fe5ce40\" data-id=\"fe5ce40\" data-element_type=\"column\">\n\t\t\t<div class=\"elementor-widget-wrap elementor-element-populated\">\n\t\t\t\t\t\t\t\t<div class=\"elementor-element elementor-element-3133e53 elementor-widget elementor-widget-r-energy-features-one-section\" data-id=\"3133e53\" data-element_type=\"widget\" data-widget_type=\"r-energy-features-one-section.default\">\n\t\t\t\t<div class=\"elementor-widget-container\">\n\t\t\t<div class=\"features\"><div class=\"container\"><div class=\"row no-gutters features-item\"><div class=\"col-lg-6 column\"><div class=\"img-holder\"><img decoding=\"async\" class=\"img-bg\" src=\"https:\/\/www.noordtec.de\/wp-content\/uploads\/2022\/05\/noordtec-leistungen-anlagenbau-photovoltaik-atemluft-druckluft.jpg\" alt=\"H\u00e4nde in einer Besprechung\"\/><\/div><\/div><div class=\"col-lg-6 column\"><div class=\"text-holder\"><h3 class=\"title\">Unsere Leistungen<\/h3><p>Empfehlung der richtigen L\u00f6sung, Engineering, Fertigung, Aufstellung vor Ort, Inbetriebnahme, Service<\/p><a class=\"with--line\" href=\"https:\/\/www.noordtec.de\/leistungen\/\"><span>Mehr zu unseren Leistungen<\/span><\/a><\/div><\/div><\/div><div class=\"row no-gutters features-item\"><div class=\"col-lg-6 column\"><div class=\"img-holder\"><img decoding=\"async\" class=\"img-bg\" src=\"https:\/\/www.noordtec.de\/wp-content\/uploads\/2022\/03\/Startseite_H2_Tankstutzen-1.jpg\" alt=\"Startseite_H2_Tankstutzen-1-e1697705479935.jpg\"\/><\/div><\/div><div class=\"col-lg-6 column\"><div class=\"text-holder\"><h3 class=\"title\">Individuell \u2013 die richtige Anlage f\u00fcr ihren Bedarf<\/h3><p>Quelle des Wasserstoffs, Betankungsmengen und Betankungszeiten sind entscheidende Kriterien bei der Auslegung.\nF\u00fcr ein optimales Verh\u00e4ltnis zwischen CAPEX, OPEX und Bedarfserf\u00fcllung ist hohe Individualisierung erforderlich. Wir haben das Know-How hierf\u00fcr.<br\/>\n<br\/>\nWir bieten Ihnen Anlagenkonzepte f\u00fcr Druck-Wasserstoff (GH2), 700bar oder 350bar<\/p><a class=\"with--line\" href=\"https:\/\/www.noordtec.de\/kontakt\/\"><span>Lassen Sie uns ins Gespr\u00e4ch kommen.<\/span><\/a><\/div><\/div><\/div><\/div><\/div>\t\t<\/div>\n\t\t\t\t<\/div>\n\t\t\t\t\t<\/div>\n\t\t<\/div>\n\t\t\t\t\t\t\t<\/div>\n\t\t<\/section>\n\t\t\t\t<section class=\"elementor-section elementor-top-section elementor-element elementor-element-e9a3e64 elementor-section-boxed elementor-section-height-default elementor-section-height-default elementor-invisible\" data-id=\"e9a3e64\" data-element_type=\"section\" data-settings=\"{&quot;animation&quot;:&quot;fadeInRight&quot;}\">\n\t\t\t\t\t\t<div class=\"elementor-container elementor-column-gap-default\">\n\t\t\t\t\t<div class=\"elementor-column elementor-col-100 elementor-top-column elementor-element elementor-element-845c210\" data-id=\"845c210\" data-element_type=\"column\">\n\t\t\t<div class=\"elementor-widget-wrap elementor-element-populated\">\n\t\t\t\t\t\t\t\t<div class=\"elementor-element elementor-element-2a92f68 elementor-widget elementor-widget-r-energy-about-us-two-section\" data-id=\"2a92f68\" data-element_type=\"widget\" data-widget_type=\"r-energy-about-us-two-section.default\">\n\t\t\t\t<div class=\"elementor-widget-container\">\n\t\t\t<div class=\"about-welcome about-welcome--style-2\"><div class=\"container\"><div class=\"row align-items-center\"><div class=\"col-xl-4 col-lg-5\"><div class=\"title-block\"><h2 class=\"title\">Gepr\u00fcfte Qualit\u00e4t<\/h2><div class=\"icon-holder\"><div class=\"icon\"><i aria-hidden=\"true\" class=\"fas fa-certificate\"><\/i><\/div><\/div><\/div><\/div><div class=\"col-xl-7 offset-xl-1 col-lg-6 offset-lg-1\"><div class=\"description\"><h3 class=\"title\">Unsere Zertifizierungen<\/h3><p>Wir sind nicht nur vom T\u00dcV Nord als WHG-Fachbetrieb, sondern auch nach DIN ISO 9001 (Qualit\u00e4tsmanagement) sowie DIN ISO 45001 (Managementsystem f\u00fcr Sicherheit und Gesundheit bei der Arbeit) zertifiziert.<\/p><p><a href=\"https:\/\/www.noordtec.de\/downloads\/\">\u2014 Zu den Zertifikaten<\/a><\/p><\/div><\/div><\/div><\/div><\/div>\t\t<\/div>\n\t\t\t\t<\/div>\n\t\t\t\t\t<\/div>\n\t\t<\/div>\n\t\t\t\t\t\t\t<\/div>\n\t\t<\/section>\n\t\t\t\t<section class=\"elementor-section elementor-top-section elementor-element elementor-element-c79d1a1 elementor-section-boxed elementor-section-height-default elementor-section-height-default elementor-invisible\" data-id=\"c79d1a1\" data-element_type=\"section\" data-settings=\"{&quot;animation&quot;:&quot;fadeIn&quot;}\">\n\t\t\t\t\t\t<div class=\"elementor-container elementor-column-gap-default\">\n\t\t\t\t\t<div class=\"elementor-column elementor-col-100 elementor-top-column elementor-element elementor-element-f50a793\" data-id=\"f50a793\" data-element_type=\"column\">\n\t\t\t<div class=\"elementor-widget-wrap elementor-element-populated\">\n\t\t\t\t\t\t\t\t<div class=\"elementor-element elementor-element-2ef83a8 elementor-widget elementor-widget-image\" data-id=\"2ef83a8\" data-element_type=\"widget\" data-widget_type=\"image.default\">\n\t\t\t\t<div class=\"elementor-widget-container\">\n\t\t\t\t\t\t\t\t\t\t\t\t\t\t\t<img loading=\"lazy\" decoding=\"async\" width=\"960\" height=\"344\" src=\"https:\/\/www.noordtec.de\/wp-content\/uploads\/2022\/05\/AdobeStock_425560505-1024x367.jpg\" class=\"attachment-large size-large wp-image-11278\" alt=\"\" srcset=\"https:\/\/www.noordtec.de\/wp-content\/uploads\/2022\/05\/AdobeStock_425560505-1024x367.jpg 1024w, https:\/\/www.noordtec.de\/wp-content\/uploads\/2022\/05\/AdobeStock_425560505-300x107.jpg 300w, https:\/\/www.noordtec.de\/wp-content\/uploads\/2022\/05\/AdobeStock_425560505-768x275.jpg 768w, https:\/\/www.noordtec.de\/wp-content\/uploads\/2022\/05\/AdobeStock_425560505-1536x550.jpg 1536w, https:\/\/www.noordtec.de\/wp-content\/uploads\/2022\/05\/AdobeStock_425560505-2048x733.jpg 2048w, https:\/\/www.noordtec.de\/wp-content\/uploads\/2022\/05\/AdobeStock_425560505-600x215.jpg 600w\" sizes=\"auto, (max-width: 960px) 100vw, 960px\" \/>\t\t\t\t\t\t\t\t\t\t\t\t\t\t\t<\/div>\n\t\t\t\t<\/div>\n\t\t\t\t\t<\/div>\n\t\t<\/div>\n\t\t\t\t\t\t\t<\/div>\n\t\t<\/section>\n\t\t\t\t<section class=\"elementor-section elementor-top-section elementor-element elementor-element-7815f5c elementor-section-boxed elementor-section-height-default elementor-section-height-default\" data-id=\"7815f5c\" data-element_type=\"section\">\n\t\t\t\t\t\t<div class=\"elementor-container elementor-column-gap-default\">\n\t\t\t\t\t<div class=\"elementor-column elementor-col-100 elementor-top-column elementor-element elementor-element-c42b9d5\" data-id=\"c42b9d5\" data-element_type=\"column\">\n\t\t\t<div class=\"elementor-widget-wrap elementor-element-populated\">\n\t\t\t\t\t\t\t\t<div class=\"elementor-element elementor-element-d6b1395 elementor-widget elementor-widget-spacer\" data-id=\"d6b1395\" data-element_type=\"widget\" data-widget_type=\"spacer.default\">\n\t\t\t\t<div class=\"elementor-widget-container\">\n\t\t\t\t\t<div class=\"elementor-spacer\">\n\t\t\t<div class=\"elementor-spacer-inner\"><\/div>\n\t\t<\/div>\n\t\t\t\t<\/div>\n\t\t\t\t<\/div>\n\t\t\t\t\t<\/div>\n\t\t<\/div>\n\t\t\t\t\t\t\t<\/div>\n\t\t<\/section>\n\t\t\t\t<section class=\"elementor-section elementor-top-section elementor-element elementor-element-b2fd096 elementor-section-boxed elementor-section-height-default elementor-section-height-default elementor-invisible\" data-id=\"b2fd096\" data-element_type=\"section\" data-settings=\"{&quot;animation&quot;:&quot;zoomIn&quot;}\">\n\t\t\t\t\t\t<div class=\"elementor-container elementor-column-gap-default\">\n\t\t\t\t\t<div class=\"elementor-column elementor-col-100 elementor-top-column elementor-element elementor-element-87ee1ce\" data-id=\"87ee1ce\" data-element_type=\"column\">\n\t\t\t<div class=\"elementor-widget-wrap elementor-element-populated\">\n\t\t\t\t\t\t\t\t<div class=\"elementor-element elementor-element-b53e510 elementor-widget elementor-widget-r-energy-product-info-parallax-section\" data-id=\"b53e510\" data-element_type=\"widget\" data-widget_type=\"r-energy-product-info-parallax-section.default\">\n\t\t\t\t<div class=\"elementor-widget-container\">\n\t\t\t<div class=\"product-info hideafter\"><div class=\"bg-holder jarallax\"><div class=\"overlay\"><\/div><picture class=\"jarallax-img\"><source srcset=\"https:\/\/www.noordtec.de\/wp-content\/uploads\/2022\/05\/H2-wasserstoff-lkw.jpg\" media=\"(min-width: 992px)\"\/><img decoding=\"async\" class=\"img-bg\" src=\"https:\/\/www.noordtec.de\/wp-content\/uploads\/2022\/05\/H2-wasserstoff-lkw.jpg\" alt=\"H2-wasserstoff-lkw.jpg\"\/><\/picture><\/div><div class=\"container\">\t<div class=\"row\"><div class=\"col-xl-7 offset-xl-5 col-lg-8 offset-lg-4\"><div class=\"text-holder\"><h3 class=\"title\">Die Vorteile des Wasserstoff-Anlagenbaus von Noordtec<\/h3><ul><li>Alles aus einer Hand<\/li><li>Hohe Produktqualit\u00e4t<\/li><li>Lange Lebensdauer<\/li><li>Wirtschaftlicher Betrieb<\/li><li>Faires Preis-Leistungsverh\u00e4ltnis<\/li><li>Einfache und komfortable Bedienung<\/li><li>zuverl\u00e4ssige Betriebssicherheit durch Siemens-Steuerung und Noordtec-Programmierung<\/li><\/ul><\/div><\/div><\/div><\/div><\/div>\t\t<\/div>\n\t\t\t\t<\/div>\n\t\t\t\t\t<\/div>\n\t\t<\/div>\n\t\t\t\t\t\t\t<\/div>\n\t\t<\/section>\n\t\t\t\t<section class=\"elementor-section elementor-top-section elementor-element elementor-element-d9d6232 elementor-section-boxed elementor-section-height-default elementor-section-height-default\" data-id=\"d9d6232\" data-element_type=\"section\">\n\t\t\t\t\t\t<div class=\"elementor-container elementor-column-gap-default\">\n\t\t\t\t\t<div class=\"elementor-column elementor-col-100 elementor-top-column elementor-element elementor-element-925fd82\" data-id=\"925fd82\" data-element_type=\"column\">\n\t\t\t<div class=\"elementor-widget-wrap elementor-element-populated\">\n\t\t\t\t\t\t\t\t<div class=\"elementor-element elementor-element-229e1ed elementor-widget elementor-widget-spacer\" data-id=\"229e1ed\" data-element_type=\"widget\" data-widget_type=\"spacer.default\">\n\t\t\t\t<div class=\"elementor-widget-container\">\n\t\t\t\t\t<div class=\"elementor-spacer\">\n\t\t\t<div class=\"elementor-spacer-inner\"><\/div>\n\t\t<\/div>\n\t\t\t\t<\/div>\n\t\t\t\t<\/div>\n\t\t\t\t\t<\/div>\n\t\t<\/div>\n\t\t\t\t\t\t\t<\/div>\n\t\t<\/section>\n\t\t\t\t<section class=\"elementor-section elementor-top-section elementor-element elementor-element-5b18c81 elementor-section-boxed elementor-section-height-default elementor-section-height-default elementor-invisible\" data-id=\"5b18c81\" data-element_type=\"section\" data-settings=\"{&quot;background_background&quot;:&quot;classic&quot;,&quot;animation&quot;:&quot;fadeInDown&quot;}\">\n\t\t\t\t\t\t<div class=\"elementor-container elementor-column-gap-default\">\n\t\t\t\t\t<div class=\"elementor-column elementor-col-66 elementor-top-column elementor-element elementor-element-e7935de\" data-id=\"e7935de\" data-element_type=\"column\">\n\t\t\t<div class=\"elementor-widget-wrap elementor-element-populated\">\n\t\t\t\t\t\t\t\t<div class=\"elementor-element elementor-element-619217b elementor-widget elementor-widget-r-energy-section-heading\" data-id=\"619217b\" data-element_type=\"widget\" data-widget_type=\"r-energy-section-heading.default\">\n\t\t\t\t<div class=\"elementor-widget-container\">\n\t\t\t<div class=\"heading primary-heading text-left\"><h3 class=\"title\">Ihr Kontakt f\u00fcr H2<\/h3><p class=\"subtitle\"><span>Noordtec<\/span> <span><\/span><\/p><div class=\"desc\"><p>info@noordtec.de<br \/>\n+49 (0) 4488 76496 \u2013 0<\/p>\n<\/div><\/div>\t\t<\/div>\n\t\t\t\t<\/div>\n\t\t\t\t\t<\/div>\n\t\t<\/div>\n\t\t\t\t<div class=\"elementor-column elementor-col-33 elementor-top-column elementor-element elementor-element-9e97703\" data-id=\"9e97703\" data-element_type=\"column\">\n\t\t\t<div class=\"elementor-widget-wrap\">\n\t\t\t\t\t\t\t\t\t<\/div>\n\t\t<\/div>\n\t\t\t\t\t\t\t<\/div>\n\t\t<\/section>\n\t\t\t\t\t\t\t<\/div>\n\t\t","protected":false},"excerpt":{"rendered":"<p>Die Zukunft der Mobilit\u00e4t Wasserstoff (H2) Wasserstoff Energietr\u00e4ger mit Zukunftspotenzial Wasserstoff (H2) ist die ein wichtiges Element, wenn es um die Energieversorgung der Zukunft geht. Als leistungsstarker Energietr\u00e4ger und aufgrund seiner Vielseitigkeit erweist sich Wasserstoff als wichtiger Wegbereiter auf dem Weg zu kohlenstoffarmer und kohlenstofffreier Energie. Mit \u00fcber 15 Jahren Erfahrung in der Energiebranche und&#8230;<\/p>\n","protected":false},"author":3,"featured_media":0,"parent":0,"menu_order":0,"comment_status":"closed","ping_status":"closed","template":"r-energy-elementor-page.php","meta":{"_acf_changed":false,"_uf_show_specific_survey":0,"_uf_disable_surveys":false,"footnotes":""},"class_list":{"0":"post-13860","1":"page","2":"type-page","3":"status-publish","4":"hentry","5":"nt-post-class","6":"","7":"masonry-item","8":"col-lg-4","10":"thumb-none","12":"excerpt-none"},"acf":[],"aioseo_notices":[],"_links":{"self":[{"href":"https:\/\/www.noordtec.de\/en\/wp-json\/wp\/v2\/pages\/13860","targetHints":{"allow":["GET"]}}],"collection":[{"href":"https:\/\/www.noordtec.de\/en\/wp-json\/wp\/v2\/pages"}],"about":[{"href":"https:\/\/www.noordtec.de\/en\/wp-json\/wp\/v2\/types\/page"}],"author":[{"embeddable":true,"href":"https:\/\/www.noordtec.de\/en\/wp-json\/wp\/v2\/users\/3"}],"replies":[{"embeddable":true,"href":"https:\/\/www.noordtec.de\/en\/wp-json\/wp\/v2\/comments?post=13860"}],"version-history":[{"count":1,"href":"https:\/\/www.noordtec.de\/en\/wp-json\/wp\/v2\/pages\/13860\/revisions"}],"predecessor-version":[{"id":13861,"href":"https:\/\/www.noordtec.de\/en\/wp-json\/wp\/v2\/pages\/13860\/revisions\/13861"}],"wp:attachment":[{"href":"https:\/\/www.noordtec.de\/en\/wp-json\/wp\/v2\/media?parent=13860"}],"curies":[{"name":"wp","href":"https:\/\/api.w.org\/{rel}","templated":true}]}}